{"id":651,"date":"2021-01-16T15:23:20","date_gmt":"2021-01-16T15:23:20","guid":{"rendered":"https:\/\/wordpress-511083-1678215.cloudwaysapps.com\/?page_id=651"},"modified":"2022-06-01T17:57:08","modified_gmt":"2022-06-01T17:57:08","slug":"let-us-work-for-you","status":"publish","type":"page","link":"https:\/\/hm-invest.co.il\/fr\/let-us-work-for-you\/","title":{"rendered":"\u05ea\u05df \u05dc\u05e0\u05d5 \u05dc\u05e2\u05d1\u05d5\u05d3 \u05d1\u05e9\u05d1\u05d9\u05dc\u05da"},"content":{"rendered":"<div data-elementor-type=\"wp-page\" data-elementor-id=\"651\" class=\"elementor elementor-651\">\n\t\t\t\t\t\t\t\t\t<section class=\"elementor-section elementor-top-section elementor-element elementor-element-2c5e5c2 elementor-section-height-min-height elementor-hidden-phone elementor-section-boxed elementor-section-height-default elementor-section-items-middle\" data-id=\"2c5e5c2\" data-element_type=\"section\" data-settings=\"{&quot;background_background&quot;:&quot;classic&quot;}\">\n\t\t\t\t\t\t\t<div class=\"elementor-background-overlay\"><\/div>\n\t\t\t\t\t\t\t<div class=\"elementor-container elementor-column-gap-default\">\n\t\t\t\t\t<div class=\"elementor-column elementor-col-100 elementor-top-column elementor-element elementor-element-6d5d421\" data-id=\"6d5d421\" data-element_type=\"column\">\n\t\t\t<div class=\"elementor-widget-wrap\">\n\t\t\t\t\t\t\t\t\t<\/div>\n\t\t<\/div>\n\t\t\t\t\t\t\t<\/div>\n\t\t<\/section>\n\t\t\t\t<section class=\"elementor-section elementor-top-section elementor-element elementor-element-bb7a2b2 elementor-section-boxed elementor-section-height-default elementor-section-height-default\" data-id=\"bb7a2b2\" data-element_type=\"section\">\n\t\t\t\t\t\t<div class=\"elementor-container elementor-column-gap-default\">\n\t\t\t\t\t<div class=\"elementor-column elementor-col-100 elementor-top-column elementor-element elementor-element-a3677d4\" data-id=\"a3677d4\" data-element_type=\"column\">\n\t\t\t<div class=\"elementor-widget-wrap elementor-element-populated\">\n\t\t\t\t\t\t\t\t<div class=\"elementor-element elementor-element-1a482cc elementor-widget elementor-widget-heading\" data-id=\"1a482cc\" data-element_type=\"widget\" data-widget_type=\"heading.default\">\n\t\t\t\t<div class=\"elementor-widget-container\">\n\t\t\t<h2 class=\"elementor-heading-title elementor-size-default\">Laissez-nous vous aider \u00e0 trouver la propri\u00e9t\u00e9 id\u00e9ale pour vous !<\/h2>\t\t<\/div>\n\t\t\t\t<\/div>\n\t\t\t\t<div class=\"elementor-element elementor-element-1434445 elementor-widget-divider--view-line_icon elementor-view-default elementor-widget-divider--element-align-center elementor-widget elementor-widget-divider\" data-id=\"1434445\" data-element_type=\"widget\" data-widget_type=\"divider.default\">\n\t\t\t\t<div class=\"elementor-widget-container\">\n\t\t\t\t\t<div class=\"elementor-divider\">\n\t\t\t<span class=\"elementor-divider-separator\">\n\t\t\t\t\t\t\t<div class=\"elementor-icon elementor-divider__element\">\n\t\t\t\t\t<svg xmlns=\"http:\/\/www.w3.org\/2000\/svg\" xmlns:xlink=\"http:\/\/www.w3.org\/1999\/xlink\" id=\"Capa_1\" x=\"0px\" y=\"0px\" viewbox=\"0 0 481.248 481.248\" style=\"enable-background:new 0 0 481.248 481.248;\" xml:space=\"preserve\"><g>\t<g>\t\t<path d=\"M300.648,169.488l-56-40c-2.781-1.985-6.515-1.985-9.296,0l-56,40c-3.596,2.566-4.431,7.563-1.865,11.159    c1.502,2.104,3.928,3.353,6.513,3.353h8v56c0,4.418,3.582,8,8,8h80c4.418,0,8-3.582,8-8v-56h8c4.418,0.001,8-3.581,8.001-7.999    C304.001,173.416,302.752,170.99,300.648,169.488z M240,145.832L271.04,168h-62.08L240,145.832z M272,232h-24v-24h-16v24h-24v-48    h64V232z\"><\/path>\t<\/g><\/g><g>\t<g>\t\t<path d=\"M240,72c-66.274,0-120,53.726-120,120s53.726,120,120,120c66.243-0.075,119.925-53.757,120-120    C360,125.726,306.274,72,240,72z M240,296c-57.41-0.066-103.934-46.59-104-104c0-57.438,46.562-104,104-104s104,46.562,104,104    S297.438,296,240,296z\"><\/path>\t<\/g><\/g><g>\t<g>\t\t<path d=\"M472.8,389.504L411.312,328H480v-16h-84.688l-31.776-31.776c7.163-9.988,13.086-20.808,17.64-32.224H456    c4.418,0,8-3.582,8-8v-56h8c4.418,0.001,8-3.581,8.001-7.999c0-2.585-1.249-5.011-3.353-6.513l-56-40    c-2.781-1.985-6.515-1.985-9.296,0L385.448,148c-9.211-30.156-27.554-56.71-52.496-76H480V56H307.472    c-42.452-21.333-92.492-21.333-134.944,0H0v16h147.048c-24.942,19.29-43.284,45.844-52.496,76l-25.904-18.504    c-2.781-1.985-6.515-1.985-9.296,0l-56,40c-3.592,2.573-4.418,7.57-1.846,11.162c1.5,2.095,3.917,3.339,6.494,3.342h8v56    c0,4.418,3.582,8,8,8h74.824c10.083,25.25,26.732,47.347,48.224,64H0v16h172.528c46.464,23.337,101.686,21.02,146.032-6.128    L429.504,432.8c12.248,11.664,31.632,11.191,43.296-1.056C484.064,419.916,484.064,401.331,472.8,389.504z M416,145.832    L447.04,168h-57.128c-0.168-1.064-0.296-2.136-0.488-3.2L416,145.832z M392,192c0-2.704-0.264-5.336-0.408-8H448v48h-24v-24h-16    v24h-21.52C390.101,218.974,391.958,205.52,392,192z M64,145.832L90.576,164.8c-0.192,1.056-0.32,2.128-0.488,3.2H32.96    L64,145.832z M72,232v-24H56v24H32v-48h56.408c-0.144,2.664-0.408,5.296-0.408,8c0.042,13.52,1.899,26.974,5.52,40H72z     M315.88,304.8c-62.267,41.943-146.745,25.467-188.688-36.8c-15.128-22.458-23.204-48.922-23.192-76    c-0.191-75.11,60.543-136.155,135.653-136.346c75.11-0.191,136.155,60.543,136.346,135.653    c0.074,29.228-9.27,57.703-26.647,81.204c-1.128,0.375-2.157,1.001-3.008,1.832L315.88,304.8z M461.504,421.504    c-5.709,5.713-14.969,5.716-20.681,0.007c-0.002-0.002-0.004-0.004-0.007-0.007l-108.8-108.8    c7.769-5.943,14.954-12.613,21.456-19.92l108,108c2.038,2.044,3.429,4.643,4,7.472    C466.495,413.06,464.999,418.054,461.504,421.504z\"><\/path>\t<\/g><\/g><g><\/g><g><\/g><g><\/g><g><\/g><g><\/g><g><\/g><g><\/g><g><\/g><g><\/g><g><\/g><g><\/g><g><\/g><g><\/g><g><\/g><g><\/g><\/svg><\/div>\n\t\t\t\t\t\t<\/span>\n\t\t<\/div>\n\t\t\t\t<\/div>\n\t\t\t\t<\/div>\n\t\t\t\t\t<\/div>\n\t\t<\/div>\n\t\t\t\t\t\t\t<\/div>\n\t\t<\/section>\n\t\t\t\t\t\t\t<\/div>","protected":false},"excerpt":{"rendered":"<p>Laissez-nous vous aider \u00e0 trouver la propri\u00e9t\u00e9 id\u00e9ale pour vous !<\/p>","protected":false},"author":1,"featured_media":1706,"parent":0,"menu_order":0,"comment_status":"closed","ping_status":"closed","template":"","meta":{"footnotes":""},"_links":{"self":[{"href":"https:\/\/hm-invest.co.il\/fr\/wp-json\/wp\/v2\/pages\/651"}],"collection":[{"href":"https:\/\/hm-invest.co.il\/fr\/wp-json\/wp\/v2\/pages"}],"about":[{"href":"https:\/\/hm-invest.co.il\/fr\/wp-json\/wp\/v2\/types\/page"}],"author":[{"embeddable":true,"href":"https:\/\/hm-invest.co.il\/fr\/wp-json\/wp\/v2\/users\/1"}],"replies":[{"embeddable":true,"href":"https:\/\/hm-invest.co.il\/fr\/wp-json\/wp\/v2\/comments?post=651"}],"version-history":[{"count":0,"href":"https:\/\/hm-invest.co.il\/fr\/wp-json\/wp\/v2\/pages\/651\/revisions"}],"wp:featuredmedia":[{"embeddable":true,"href":"https:\/\/hm-invest.co.il\/fr\/wp-json\/wp\/v2\/media\/1706"}],"wp:attachment":[{"href":"https:\/\/hm-invest.co.il\/fr\/wp-json\/wp\/v2\/media?parent=651"}],"curies":[{"name":"wp","href":"https:\/\/api.w.org\/{rel}","templated":true}]}}