{"id":1712,"date":"2021-02-04T09:18:35","date_gmt":"2021-02-04T09:18:35","guid":{"rendered":"http:\/\/hm-invest.co.il\/?page_id=1712"},"modified":"2021-02-18T16:02:34","modified_gmt":"2021-02-18T16:02:34","slug":"%d7%a0%d7%9b%d7%a1%d7%99%d7%9d-%d7%9c%d7%94%d7%a9%d7%9b%d7%a8%d7%94","status":"publish","type":"page","link":"https:\/\/hm-invest.co.il\/fr\/%d7%a0%d7%9b%d7%a1%d7%99%d7%9d-%d7%9c%d7%94%d7%a9%d7%9b%d7%a8%d7%94\/","title":{"rendered":"Propri\u00e9t\u00e9s \u00e0 louer"},"content":{"rendered":"<div data-elementor-type=\"wp-page\" data-elementor-id=\"1712\" class=\"elementor elementor-1712\">\n\t\t\t\t\t\t\t\t\t<section class=\"elementor-section elementor-top-section elementor-element elementor-element-77c4a14d elementor-section-height-min-height elementor-section-boxed elementor-section-height-default elementor-section-items-middle\" data-id=\"77c4a14d\" data-element_type=\"section\" data-settings=\"{&quot;background_background&quot;:&quot;classic&quot;}\">\n\t\t\t\t\t\t\t<div class=\"elementor-background-overlay\"><\/div>\n\t\t\t\t\t\t\t<div class=\"elementor-container elementor-column-gap-default\">\n\t\t\t\t\t<div class=\"elementor-column elementor-col-100 elementor-top-column elementor-element elementor-element-75d9778f\" data-id=\"75d9778f\" data-element_type=\"column\">\n\t\t\t<div class=\"elementor-widget-wrap elementor-element-populated\">\n\t\t\t\t\t\t\t\t<div class=\"elementor-element elementor-element-6b7d7361 animated-slow elementor-invisible elementor-widget elementor-widget-heading\" data-id=\"6b7d7361\" data-element_type=\"widget\" data-settings=\"{&quot;_animation&quot;:&quot;fadeInUp&quot;}\" data-widget_type=\"heading.default\">\n\t\t\t\t<div class=\"elementor-widget-container\">\n\t\t\t<h2 class=\"elementor-heading-title elementor-size-default\">\u00c0 propos de nous<\/h2>\t\t<\/div>\n\t\t\t\t<\/div>\n\t\t\t\t\t<\/div>\n\t\t<\/div>\n\t\t\t\t\t\t\t<\/div>\n\t\t<\/section>\n\t\t\t\t<section class=\"elementor-section elementor-top-section elementor-element elementor-element-9754632 elementor-section-height-min-height elementor-section-items-stretch elementor-section-boxed elementor-section-height-default\" data-id=\"9754632\" data-element_type=\"section\" data-settings=\"{&quot;background_background&quot;:&quot;classic&quot;}\">\n\t\t\t\t\t\t<div class=\"elementor-container elementor-column-gap-default\">\n\t\t\t\t\t<div class=\"elementor-column elementor-col-100 elementor-top-column elementor-element elementor-element-674c58d4 animated-fast elementor-invisible\" data-id=\"674c58d4\" data-element_type=\"column\" data-settings=\"{&quot;animation&quot;:&quot;fadeInUp&quot;}\">\n\t\t\t<div class=\"elementor-widget-wrap elementor-element-populated\">\n\t\t\t\t\t\t\t\t<section class=\"elementor-section elementor-inner-section elementor-element elementor-element-3467a77 elementor-section-height-min-height elementor-section-content-middle elementor-section-boxed elementor-section-height-default\" data-id=\"3467a77\" data-element_type=\"section\" data-settings=\"{&quot;background_background&quot;:&quot;classic&quot;}\">\n\t\t\t\t\t\t<div class=\"elementor-container elementor-column-gap-default\">\n\t\t\t\t\t<div class=\"elementor-column elementor-col-50 elementor-inner-column elementor-element elementor-element-f3efd19 elementor-hidden-tablet elementor-hidden-phone\" data-id=\"f3efd19\" data-element_type=\"column\">\n\t\t\t<div class=\"elementor-widget-wrap elementor-element-populated\">\n\t\t\t\t\t\t\t\t<div class=\"elementor-element elementor-element-3466a3e elementor-widget elementor-widget-jet-smart-filters-sorting\" data-id=\"3466a3e\" data-element_type=\"widget\" data-widget_type=\"jet-smart-filters-sorting.default\">\n\t\t\t\t<div class=\"elementor-widget-container\">\n\t\t\t<div class=\"jet-smart-filters-sorting jet-filter\">\n\t<div class=\"jet-sorting jet-sorting--flex-column\"  data-smart-filter=\"sorting\" data-query-type=\"sort\" data-query-var=\"standard\" data-content-provider=\"jet-engine\" data-additional-providers=\"\" data-query-id=\"default\" data-apply-type=\"ajax\">\n\t\t\t\t<select\n\t\t\tclass=\"jet-sorting-select\"\n\t\t\tname=\"select-name\"\n\t\t>\n\t\t\t\t\t\t\t<option value=\"\">Trier par ...<\/option>\n\t\t\t\t\t\t\t\t\t\t\t\t\t\t<option\n\t\t\t\t\tvalue=\"{&quot;orderby&quot;:&quot;meta_value&quot;,&quot;order&quot;:&quot;ASC&quot;,&quot;meta_key&quot;:&quot;property-price&quot;}\"\n\t\t\t\t\t\t\t\t\t>du prix \u00e9lev\u00e9 au prix bas<\/option>\n\t\t\t\t\t\t\t\t\t\t\t<option\n\t\t\t\t\tvalue=\"{&quot;orderby&quot;:&quot;meta_value&quot;,&quot;order&quot;:&quot;DESC&quot;,&quot;meta_key&quot;:&quot;property-price&quot;}\"\n\t\t\t\t\t\t\t\t\t>d'un prix bas \u00e0 un prix \u00e9lev\u00e9<\/option>\n\t\t\t\t\t\t\t\t\t\t\t<option\n\t\t\t\t\tvalue=\"{&quot;orderby&quot;:&quot;date&quot;,&quot;order&quot;:&quot;DESC&quot;}\"\n\t\t\t\t\t\t\t\t\t>Par date<\/option>\n\t\t\t\t\t<\/select>\n\t<\/div>\n<\/div>\n\t\t<\/div>\n\t\t\t\t<\/div>\n\t\t\t\t\t<\/div>\n\t\t<\/div>\n\t\t\t\t<div class=\"elementor-column elementor-col-50 elementor-inner-column elementor-element elementor-element-87e2328\" data-id=\"87e2328\" data-element_type=\"column\">\n\t\t\t<div class=\"elementor-widget-wrap elementor-element-populated\">\n\t\t\t\t\t\t\t\t<div class=\"elementor-element elementor-element-abe7ba3 jet-smart-filter-content-position-line jet-smart-filter-group-position-line jet-smart-filter-content-position-line jet-smart-filter-group-position-line elementor-widget elementor-widget-jet-smart-filters-select\" data-id=\"abe7ba3\" data-element_type=\"widget\" data-widget_type=\"jet-smart-filters-select.default\">\n\t\t\t\t<div class=\"elementor-widget-container\">\n\t\t\t<div class=\"jet-smart-filters-hierarchy jet-filter\" data-indexer-rule=\"show\" data-show-counter=\"\" data-change-counter=\"always\"><div class=\"jet-filters-group\"><div class=\"jet-select\" data-query-type=\"tax_query\" data-query-var=\"property-location\" data-smart-filter=\"select\" data-filter-id=\"1853\" data-apply-type=\"ajax\" data-content-provider=\"jet-engine\" data-additional-providers=\"\" data-query-id=\"default\" data-active-label=\"\u05e4\u05d9\u05dc\u05d8\u05e8\u05d9\u05dd \u05d4\u05d9\u05e8\u05e8\u05db\u05d9\u05d9\u05dd \u05de\u05d9\u05e7\u05d5\u05dd \u05d4\u05e9\u05db\u05e8\u05d4\" data-layout-options=\"{&quot;show_label&quot;:&quot;&quot;,&quot;display_options&quot;:{&quot;show_items_label&quot;:false,&quot;show_decorator&quot;:false,&quot;filter_image_size&quot;:&quot;full&quot;,&quot;show_counter&quot;:false}}\" data-query-var-suffix=\"\" data-hierarchical=\"1\">\n\t\n\t\n\t\t<select\n\t\t\tclass=\"jet-select__control depth-0\"\n\t\t\tname=\"property-location\"\n\t\t>\n\t\t\t\t\t<option value=\"\">Propri\u00e9t\u00e9 Ville ...<\/option>\n\t\t\n\t\t<\/select>\n\n\t\n<\/div>\n<div class=\"jet-select\" data-query-type=\"tax_query\" data-query-var=\"areas-rent\" data-smart-filter=\"select\" data-filter-id=\"1853\" data-apply-type=\"ajax\" data-content-provider=\"jet-engine\" data-additional-providers=\"\" data-query-id=\"default\" data-active-label=\"\u05e4\u05d9\u05dc\u05d8\u05e8\u05d9\u05dd \u05d4\u05d9\u05e8\u05e8\u05db\u05d9\u05d9\u05dd \u05de\u05d9\u05e7\u05d5\u05dd \u05d4\u05e9\u05db\u05e8\u05d4\" data-layout-options=\"{&quot;show_label&quot;:&quot;&quot;,&quot;display_options&quot;:{&quot;show_items_label&quot;:false,&quot;show_decorator&quot;:false,&quot;filter_image_size&quot;:&quot;full&quot;,&quot;show_counter&quot;:false}}\" data-query-var-suffix=\"\" data-hierarchical=\"1\">\n\t\n\t\n\t\t<select\n\t\t\tclass=\"jet-select__control depth-1\"\n\t\t\tname=\"areas-rent\"\n\t\t>\n\t\t\t\t\t<option value=\"\">Zone de propri\u00e9t\u00e9 ...<\/option>\n\t\t\n\t\t<\/select>\n\n\t\n<\/div>\n<div class=\"jet-select\" data-query-type=\"tax_query\" data-query-var=\"property-types-rent\" data-smart-filter=\"select\" data-filter-id=\"1853\" data-apply-type=\"ajax\" data-content-provider=\"jet-engine\" data-additional-providers=\"\" data-query-id=\"default\" data-active-label=\"\u05e4\u05d9\u05dc\u05d8\u05e8\u05d9\u05dd \u05d4\u05d9\u05e8\u05e8\u05db\u05d9\u05d9\u05dd \u05de\u05d9\u05e7\u05d5\u05dd \u05d4\u05e9\u05db\u05e8\u05d4\" data-layout-options=\"{&quot;show_label&quot;:&quot;&quot;,&quot;display_options&quot;:{&quot;show_items_label&quot;:false,&quot;show_decorator&quot;:false,&quot;filter_image_size&quot;:&quot;full&quot;,&quot;show_counter&quot;:false}}\" data-query-var-suffix=\"\" data-hierarchical=\"1\">\n\t\n\t\n\t\t<select\n\t\t\tclass=\"jet-select__control depth-2\"\n\t\t\tname=\"property-types-rent\"\n\t\t>\n\t\t\t\t\t<option value=\"\">Type de propri\u00e9t\u00e9...<\/option>\n\t\t\n\t\t<\/select>\n\n\t\n<\/div>\n<\/div><\/div>\t\t<\/div>\n\t\t\t\t<\/div>\n\t\t\t\t\t<\/div>\n\t\t<\/div>\n\t\t\t\t\t\t\t<\/div>\n\t\t<\/section>\n\t\t\t\t\t<\/div>\n\t\t<\/div>\n\t\t\t\t\t\t\t<\/div>\n\t\t<\/section>\n\t\t\t\t<section class=\"elementor-section elementor-top-section elementor-element elementor-element-980e696 elementor-section-boxed elementor-section-height-default elementor-section-height-default\" data-id=\"980e696\" data-element_type=\"section\">\n\t\t\t\t\t\t<div class=\"elementor-container elementor-column-gap-default\">\n\t\t\t\t\t<div class=\"elementor-column elementor-col-33 elementor-top-column elementor-element elementor-element-520facb4\" data-id=\"520facb4\" data-element_type=\"column\">\n\t\t\t<div class=\"elementor-widget-wrap elementor-element-populated\">\n\t\t\t\t\t\t\t\t<div class=\"elementor-element elementor-element-48f788fb jet-smart-filter-content-position-line elementor-widget elementor-widget-jet-smart-filters-search\" data-id=\"48f788fb\" data-element_type=\"widget\" data-widget_type=\"jet-smart-filters-search.default\">\n\t\t\t\t<div class=\"elementor-widget-container\">\n\t\t\t<div class=\"jet-smart-filters-search jet-filter\"><div class=\"jet-search-filter\" data-query-type=\"_s\" data-query-var=\"query\" data-smart-filter=\"search\" data-filter-id=\"288\" data-apply-type=\"ajax-ontyping\" data-content-provider=\"jet-engine\" data-additional-providers=\"\" data-query-id=\"default\" data-active-label=\"\u05d7\u05d9\u05e4\u05d5\u05e9\" data-layout-options=\"{&quot;show_label&quot;:&quot;&quot;,&quot;display_options&quot;:[]}\" data-query-var-suffix=\"search\" data-min-letters-count=\"3\">\n\t<div class=\"jet-search-filter__input-wrapper\">\n\t\t<input\n\t\t\tclass=\"jet-search-filter__input\"\n\t\t\ttype=\"search\"\n\t\t\tautocomplete=\"off\"\n\t\t\tname=\"query\"\n\t\t\tvalue=\"\"\n\t\t\tplaceholder=\"Recherchez sur ....\"\n\t\t>\n\t\t\t\t\t<div class=\"jet-search-filter__input-clear\"><\/div>\n\t\t\t<div class=\"jet-search-filter__input-loading\"><\/div>\n\t\t\t<\/div>\n\t<\/div>\n<\/div>\t\t<\/div>\n\t\t\t\t<\/div>\n\t\t\t\t<div class=\"elementor-element elementor-element-61cafea elementor-widget elementor-widget-jet-smart-filters-checkboxes\" data-id=\"61cafea\" data-element_type=\"widget\" data-widget_type=\"jet-smart-filters-checkboxes.default\">\n\t\t\t\t<div class=\"elementor-widget-container\">\n\t\t\t<div class=\"jet-smart-filters-checkboxes jet-filter\" data-indexer-rule=\"show\" data-show-counter=\"\" data-change-counter=\"always\"><div class=\"jet-filter-label\">Caract\u00e9ristiques<\/div>\n<\/div>\t\t<\/div>\n\t\t\t\t<\/div>\n\t\t\t\t<div class=\"elementor-element elementor-element-6e3e111c elementor-widget elementor-widget-jet-smart-filters-range\" data-id=\"6e3e111c\" data-element_type=\"widget\" data-widget_type=\"jet-smart-filters-range.default\">\n\t\t\t\t<div class=\"elementor-widget-container\">\n\t\t\t<div class=\"jet-smart-filters-range jet-filter\" data-indexer-rule=\"show\" data-show-counter=\"\" data-change-counter=\"always\"><div class=\"jet-filter-label\">Fourchette de prix<\/div>\n\n<div class=\"jet-range\" data-query-type=\"meta_query\" data-query-var=\"property-price\" data-smart-filter=\"range\" data-filter-id=\"805\" data-apply-type=\"ajax\" data-content-provider=\"jet-engine\" data-additional-providers=\"\" data-query-id=\"default\" data-active-label=\"\" data-layout-options=\"{&quot;show_label&quot;:true,&quot;display_options&quot;:{&quot;show_items_label&quot;:false,&quot;show_decorator&quot;:false,&quot;filter_image_size&quot;:&quot;full&quot;,&quot;show_counter&quot;:false}}\" data-query-var-suffix=\"range\" data-format=\"{&quot;thousands_sep&quot;:&quot;,&quot;,&quot;decimal_sep&quot;:&quot;.&quot;,&quot;decimal_num&quot;:0}\">\n\t<div class=\"jet-range__slider\">\n\t\t<div class=\"jet-range__slider__track\">\n\t\t\t<div class=\"jet-range__slider__track__range\"><\/div>\n\t\t<\/div>\n\t\t<input type=\"range\" class=\"jet-range__slider__input jet-range__slider__input--min\" step=\"1\" min=\"0\" max=\"70000000\" value=\"0\" tabindex=\"-1\">\n\t\t<input type=\"range\" class=\"jet-range__slider__input jet-range__slider__input--max\" step=\"1\" min=\"0\" max=\"70000000\" value=\"70000000\" tabindex=\"-1\">\n\t<\/div>\n\t\t<div class=\"jet-range__values\">\n\t\t<span class=\"jet-range__values-prefix\">\u20aa<\/span><span class=\"jet-range__values-min\">0<\/span><span class=\"jet-range__values-suffix\"><\/span> \u2014 <span class=\"jet-range__values-prefix\">\u20aa<\/span><span class=\"jet-range__values-max\">70,000,000<\/span><span class=\"jet-range__values-suffix\"><\/span>\n\t<\/div>\n\t<\/div><\/div>\t\t<\/div>\n\t\t\t\t<\/div>\n\t\t\t\t<div class=\"elementor-element elementor-element-6c4486e7 elementor-hidden-phone jet-smart-filter-group-position-column elementor-widget elementor-widget-jet-smart-filters-select\" data-id=\"6c4486e7\" data-element_type=\"widget\" data-widget_type=\"jet-smart-filters-select.default\">\n\t\t\t\t<div class=\"elementor-widget-container\">\n\t\t\t<div class=\"jet-smart-filters-select jet-filter\" data-indexer-rule=\"show\" data-show-counter=\"\" data-change-counter=\"always\"><div class=\"jet-select\" data-query-type=\"meta_query\" data-query-var=\"property-rooms\" data-smart-filter=\"select\" data-filter-id=\"1164\" data-apply-type=\"ajax\" data-content-provider=\"jet-engine\" data-additional-providers=\"\" data-query-id=\"default\" data-active-label=\"\u05de\u05e1\u05e4\u05e8 \u05d7\u05d3\u05e8\u05d9\u05dd\" data-layout-options=\"{&quot;show_label&quot;:&quot;&quot;,&quot;display_options&quot;:{&quot;show_items_label&quot;:false,&quot;show_decorator&quot;:false,&quot;filter_image_size&quot;:&quot;full&quot;,&quot;show_counter&quot;:false}}\" data-query-var-suffix=\"\">\n\t\n\t\n\t\t<select\n\t\t\tclass=\"jet-select__control\"\n\t\t\tname=\"property-rooms\"\n\t\t>\n\t\t\n\t\t\t\t\t<option\n\t\t\t\tvalue=\"\"\n\t\t\t\tdata-label=\"\u05de\u05e1\u05e4\u05e8 \u05d7\u05d3\u05e8\u05d9\u05dd...\"\n\t\t\t\tdata-counter-prefix=\"(\"\n\t\t\t\tdata-counter-suffix=\")\"\n\t\t\t\t\t\t\t>Nombre de pi\u00e8ces...<\/option>\n\t\t\t\t\t\t<option\n\t\t\t\tvalue=\"1\"\n\t\t\t\tdata-label=\"1\"\n\t\t\t\tdata-counter-prefix=\"(\"\n\t\t\t\tdata-counter-suffix=\")\"\n\t\t\t\t\t\t\t>1<\/option>\n\t\t\t\t\t\t<option\n\t\t\t\tvalue=\"2\"\n\t\t\t\tdata-label=\"2\"\n\t\t\t\tdata-counter-prefix=\"(\"\n\t\t\t\tdata-counter-suffix=\")\"\n\t\t\t\t\t\t\t>2<\/option>\n\t\t\t\t\t\t<option\n\t\t\t\tvalue=\"3\"\n\t\t\t\tdata-label=\"3\"\n\t\t\t\tdata-counter-prefix=\"(\"\n\t\t\t\tdata-counter-suffix=\")\"\n\t\t\t\t\t\t\t>3<\/option>\n\t\t\t\t\t\t<option\n\t\t\t\tvalue=\"4\"\n\t\t\t\tdata-label=\"4\"\n\t\t\t\tdata-counter-prefix=\"(\"\n\t\t\t\tdata-counter-suffix=\")\"\n\t\t\t\t\t\t\t>4<\/option>\n\t\t\t\t\t\t<option\n\t\t\t\tvalue=\"5\"\n\t\t\t\tdata-label=\"5\"\n\t\t\t\tdata-counter-prefix=\"(\"\n\t\t\t\tdata-counter-suffix=\")\"\n\t\t\t\t\t\t\t>5<\/option>\n\t\t\t\t\t\t<option\n\t\t\t\tvalue=\"6\"\n\t\t\t\tdata-label=\"6\"\n\t\t\t\tdata-counter-prefix=\"(\"\n\t\t\t\tdata-counter-suffix=\")\"\n\t\t\t\t\t\t\t>6<\/option>\n\t\t\t\t\t\t<option\n\t\t\t\tvalue=\"7\"\n\t\t\t\tdata-label=\"7\"\n\t\t\t\tdata-counter-prefix=\"(\"\n\t\t\t\tdata-counter-suffix=\")\"\n\t\t\t\t\t\t\t>7<\/option>\n\t\t\t\t\t\t<option\n\t\t\t\tvalue=\"8\"\n\t\t\t\tdata-label=\"8\"\n\t\t\t\tdata-counter-prefix=\"(\"\n\t\t\t\tdata-counter-suffix=\")\"\n\t\t\t\t\t\t\t>8<\/option>\n\t\t\t\t\t\t<option\n\t\t\t\tvalue=\"9\"\n\t\t\t\tdata-label=\"9\"\n\t\t\t\tdata-counter-prefix=\"(\"\n\t\t\t\tdata-counter-suffix=\")\"\n\t\t\t\t\t\t\t>9<\/option>\n\t\t\t<\/select>\n\n\t\n<\/div>\n<\/div>\t\t<\/div>\n\t\t\t\t<\/div>\n\t\t\t\t\t<\/div>\n\t\t<\/div>\n\t\t\t\t<div class=\"elementor-column elementor-col-66 elementor-top-column elementor-element elementor-element-3879a368\" data-id=\"3879a368\" data-element_type=\"column\">\n\t\t\t<div class=\"elementor-widget-wrap\">\n\t\t\t\t\t\t\t\t\t<\/div>\n\t\t<\/div>\n\t\t\t\t\t\t\t<\/div>\n\t\t<\/section>\n\t\t\t\t\t\t\t<\/div>","protected":false},"excerpt":{"rendered":"<p>\u05de\u05d9\u05d5\u05df \u05e2\u05dc \u05e4\u05d9&#8230;\u05de\u05d4\u05de\u05d7\u05d9\u05e8 \u05d4\u05d2\u05d1\u05d5\u05d4 \u05dc\u05e0\u05de\u05d5\u05da\u05de\u05d4\u05de\u05d7\u05d9\u05e8 \u05d4\u05e0\u05de\u05d5\u05da \u05dc\u05d2\u05d1\u05d5\u05d4\u05e2\u05dc \u05e4\u05d9 \u05ea\u05d0\u05e8\u05d9\u05da \u05e2\u05d9\u05e8 \u05d4\u05e0\u05db\u05e1&#8230;\u05d9\u05e8\u05d5\u05e9\u05dc\u05d9\u05dd\u05e0\u05ea\u05e0\u05d9\u05d4\u05ea\u05dc \u05d0\u05d1\u05d9\u05d1 \u05d0\u05d6\u05d5\u05e8 \u05d4\u05e0\u05db\u05e1&#8230; \u05e1\u05d5\u05d2 \u05d4\u05e0\u05db\u05e1&#8230; \u05de\u05d0\u05e4\u05d9\u05d9\u05e0\u05d9\u05dd \u05d7\u05e0\u05d9\u05d4 \u05d7\u05e0\u05d9\u05d4 \u05de\u05e9\u05d5\u05ea\u05e4\u05ea \u05de\u05e2\u05dc\u05d9\u05ea \u05de\u05e2\u05dc\u05d9\u05ea \u05e4\u05e8\u05d8\u05d9\u05ea \u05d2\u05d9\u05e0\u05d4 \u05d7\u05e6\u05e8 \u05de\u05e8\u05e4\u05e1\u05ea \u05de\u05e8\u05e4\u05e1\u05ea \u05e1\u05d5\u05db\u05d4 \u05e0\u05d5\u05e3 \u05e4\u05ea\u05d5\u05d7 \u05d1\u05e0\u05d9\u05d9\u05df \u05d7\u05d3\u05e9\/\u05de\u05e9\u05d5\u05e4\u05e5 \u05de\u05e9\u05d5\u05e4\u05e6\u05ea \u05de\u05d7\u05e1\u05df \u05e9\u05d5\u05de\u05e8 \u05d7\u05d3\u05e8 \u05db\u05d5\u05e9\u05e8 \u05d1\u05e8\u05d9\u05db\u05d4 \u05d1\u05e8\u05d9\u05db\u05d4 \u05e4\u05e8\u05d8\u05d9\u05ea \u05d2'\u05e7\u05d5\u05d6\u05d9 \u05de\u05de&quot;\u05d3 \u05e0\u05d5\u05e3 \u05dc\u05d9\u05dd \u05d2\u05d9\u05e9\u05d4 \u05dc\u05e0\u05db\u05d9\u05dd \u05e2\u05d5\u05d3 \u05e4\u05d9\u05dc\u05d8\u05e8 \u05de\u05d7\u05d9\u05e8 \u20aa0 \u2014 \u20aa100 \u05de\u05e1\u05e4\u05e8 \u05d7\u05d3\u05e8\u05d9\u05dd&#8230;123456789 \u05e4\u05e0\u05d8\u05d4\u05d0\u05d5\u05d6 &hellip;<\/p>\n<p class=\"read-more\"> <a class=\"\" href=\"https:\/\/hm-invest.co.il\/fr\/%d7%a0%d7%9b%d7%a1%d7%99%d7%9d-%d7%9c%d7%94%d7%a9%d7%9b%d7%a8%d7%94\/\"> <span class=\"screen-reader-text\">Propri\u00e9t\u00e9s \u00e0 louer<\/span> Lire la suite\u00a0\u00bb<\/a><\/p>","protected":false},"author":1,"featured_media":1675,"parent":0,"menu_order":0,"comment_status":"closed","ping_status":"closed","template":"","meta":{"footnotes":""},"_links":{"self":[{"href":"https:\/\/hm-invest.co.il\/fr\/wp-json\/wp\/v2\/pages\/1712"}],"collection":[{"href":"https:\/\/hm-invest.co.il\/fr\/wp-json\/wp\/v2\/pages"}],"about":[{"href":"https:\/\/hm-invest.co.il\/fr\/wp-json\/wp\/v2\/types\/page"}],"author":[{"embeddable":true,"href":"https:\/\/hm-invest.co.il\/fr\/wp-json\/wp\/v2\/users\/1"}],"replies":[{"embeddable":true,"href":"https:\/\/hm-invest.co.il\/fr\/wp-json\/wp\/v2\/comments?post=1712"}],"version-history":[{"count":0,"href":"https:\/\/hm-invest.co.il\/fr\/wp-json\/wp\/v2\/pages\/1712\/revisions"}],"wp:featuredmedia":[{"embeddable":true,"href":"https:\/\/hm-invest.co.il\/fr\/wp-json\/wp\/v2\/media\/1675"}],"wp:attachment":[{"href":"https:\/\/hm-invest.co.il\/fr\/wp-json\/wp\/v2\/media?parent=1712"}],"curies":[{"name":"wp","href":"https:\/\/api.w.org\/{rel}","templated":true}]}}