{"id":1425,"date":"2021-01-30T18:53:01","date_gmt":"2021-01-30T18:53:01","guid":{"rendered":"https:\/\/wordpress-511083-1678215.cloudwaysapps.com\/?page_id=1425"},"modified":"2021-02-14T10:47:27","modified_gmt":"2021-02-14T10:47:27","slug":"accessibility-statement","status":"publish","type":"page","link":"https:\/\/hm-invest.co.il\/fr\/accessibility-statement\/","title":{"rendered":"D\u00e9claration d'accessibilit\u00e9"},"content":{"rendered":"<div data-elementor-type=\"wp-page\" data-elementor-id=\"1425\" class=\"elementor elementor-1425\">\n\t\t\t\t\t\t\t\t\t<section class=\"elementor-section elementor-top-section elementor-element elementor-element-64da570 elementor-section-boxed elementor-section-height-default elementor-section-height-default\" data-id=\"64da570\" data-element_type=\"section\">\n\t\t\t\t\t\t<div class=\"elementor-container elementor-column-gap-default\">\n\t\t\t\t\t<div class=\"elementor-column elementor-col-100 elementor-top-column elementor-element elementor-element-c818ae1\" data-id=\"c818ae1\" data-element_type=\"column\">\n\t\t\t<div class=\"elementor-widget-wrap elementor-element-populated\">\n\t\t\t\t\t\t\t\t<div class=\"elementor-element elementor-element-af17c10 elementor-widget elementor-widget-jet-breadcrumbs\" data-id=\"af17c10\" data-element_type=\"widget\" data-widget_type=\"jet-breadcrumbs.default\">\n\t\t\t\t<div class=\"elementor-widget-container\">\n\t\t\t<div class=\"elementor-jet-breadcrumbs jet-blocks\">\n\t\t<div class=\"jet-breadcrumbs\">\n\t\t<div class=\"jet-breadcrumbs__content\">\n\t\t<div class=\"jet-breadcrumbs__wrap\"><div class=\"jet-breadcrumbs__item\"><a href=\"https:\/\/hm-invest.co.il\/fr\/\" class=\"jet-breadcrumbs__item-link is-home\" rel=\"home\" title=\"Page d&#039;accueil\">Page d'accueil<\/a><\/div>\n\t\t<\/div>\n\t\t<\/div>\n\t\t<\/div><\/div>\t\t<\/div>\n\t\t\t\t<\/div>\n\t\t\t\t<div class=\"elementor-element elementor-element-28224d7 elementor-widget elementor-widget-heading\" data-id=\"28224d7\" data-element_type=\"widget\" data-widget_type=\"heading.default\">\n\t\t\t\t<div class=\"elementor-widget-container\">\n\t\t\t<h2 class=\"elementor-heading-title elementor-size-default\">\u05db\u05ea\u05d5\u05d1 \u05d0\u05ea \u05d4\u05db\u05d5\u05ea\u05e8\u05ea \u05db\u05d0\u05df<\/h2>\t\t<\/div>\n\t\t\t\t<\/div>\n\t\t\t\t<div class=\"elementor-element elementor-element-ac62c03 elementor-widget-divider--view-line elementor-widget elementor-widget-divider\" data-id=\"ac62c03\" data-element_type=\"widget\" data-widget_type=\"divider.default\">\n\t\t\t\t<div class=\"elementor-widget-container\">\n\t\t\t\t\t<div class=\"elementor-divider\">\n\t\t\t<span class=\"elementor-divider-separator\">\n\t\t\t\t\t\t<\/span>\n\t\t<\/div>\n\t\t\t\t<\/div>\n\t\t\t\t<\/div>\n\t\t\t\t<div class=\"elementor-element elementor-element-9bf124b elementor-widget elementor-widget-text-editor\" data-id=\"9bf124b\" data-element_type=\"widget\" data-widget_type=\"text-editor.default\">\n\t\t\t\t<div class=\"elementor-widget-container\">\n\t\t\t\t\t\t\t<div><div><section><h4 tabindex=\"0\">HM-invest s'est engag\u00e9 \u00e0 offrir la meilleure exp\u00e9rience d'utilisation du site \u00e0 chaque internaute, et a donc cherch\u00e9 \u00e0 rendre le site accessible aux personnes handicap\u00e9es, afin de faciliter et de rationaliser la navigation. L'adaptation a \u00e9t\u00e9 faite principalement au profit de ceux qui ont des difficult\u00e9s \u00e0 utiliser la souris et\/ou \u00e0 taper, et qui ont des d\u00e9ficiences visuelles. Entre autres choses, la navigation au clavier a \u00e9t\u00e9 assur\u00e9e dans toutes les composantes du site, la prise en charge d'un zoom accru et le respect des exigences en mati\u00e8re de contraste, de couleurs et de format d'image. L'ajustement a \u00e9t\u00e9 test\u00e9 \u00e0 l'aide de divers outils tels que diff\u00e9rents \u00e9crans et dispositifs, y compris des simulations de lecteurs d'\u00e9cran et de moteurs de lecture de contenu afin de cr\u00e9er une exp\u00e9rience \u00e9gale et agr\u00e9able.<\/h4><\/section><\/div><\/div><section><div><div><h4 data-normal-size=\"16\">Les navigateurs recommand\u00e9s sont Chrome dans sa derni\u00e8re version.\u00a0<\/h4><h4 data-normal-size=\"16\">Si vous rencontrez de toute fa\u00e7on un probl\u00e8me d'accessibilit\u00e9 sur le site, nous serons heureux que vous nous contactiez et que vous nous donniez les d\u00e9tails du probl\u00e8me \/ de la panne afin que nous puissions y rem\u00e9dier le plus rapidement possible. Avec votre pardon d'avance.<\/h4><h4 data-normal-size=\"16\">Remplissez les d\u00e9tails ici et nous nous assurerons que notre \u00e9quipe de programmeurs v\u00e9rifiera le probl\u00e8me<\/h4><h4 data-normal-size=\"16\">\u00a0<\/h4><\/div><\/div><\/section>\t\t\t\t\t\t<\/div>\n\t\t\t\t<\/div>\n\t\t\t\t\t<\/div>\n\t\t<\/div>\n\t\t\t\t\t\t\t<\/div>\n\t\t<\/section>\n\t\t\t\t\t\t\t<\/div>","protected":false},"excerpt":{"rendered":"<p>\u05e2\u05de\u05d5\u05d3 \u05d4\u05d1\u05d9\u05ea HM-invest\u00a0 \u05de\u05d7\u05d5\u05d9\u05d1\u05ea \u05dc\u05e1\u05e4\u05e7 \u05d0\u05ea \u05d7\u05d5\u05d5\u05d9\u05d9\u05ea \u05d4\u05e9\u05d9\u05de\u05d5\u05e9 \u05d4\u05db\u05d9 \u05d8\u05d5\u05d1\u05d4 \u05d1\u05d0\u05ea\u05e8 \u05dc\u05db\u05dc \u05d2\u05d5\u05dc\u05e9, \u05d5\u05dc\u05db\u05df \u05d1\u05d9\u05e7\u05e9\u05d4 \u05dc\u05d3\u05d0\u05d5\u05d2 \u05dc\u05d4\u05e0\u05d2\u05e9\u05ea \u05d4\u05d0\u05ea\u05e8 \u05dc\u05e7\u05d4\u05dc \u05d1\u05e2\u05dc\u05d9 \u05d4\u05de\u05d5\u05d2\u05d1\u05dc\u05d5\u05d9\u05d5\u05ea, \u05d1\u05de\u05d8\u05e8\u05d4 \u05dc\u05d4\u05e7\u05dc \u05d5\u05dc\u05d9\u05d9\u05e2\u05dc \u05d4\u05d2\u05dc\u05d9\u05e9\u05d4 \u05d1\u05d5. \u05d4\u05d4\u05ea\u05d0\u05de\u05d4 \u05d1\u05d5\u05e6\u05e2\u05d4 \u05d1\u05e2\u05d9\u05e7\u05e8 \u05dc\u05d8\u05d5\u05d1\u05ea \u05d4\u05de\u05ea\u05e7\u05e9\u05d9\u05dd \u05d1\u05e9\u05d9\u05de\u05d5\u05e9 \u05d1\u05e2\u05db\u05d1\u05e8 \u05d5\/\u05d0\u05d5 \u05d4\u05e7\u05dc\u05d3\u05d4, \u05d5\u05d1\u05e2\u05dc\u05d9 \u05dc\u05e7\u05d5\u05d9\u05d5\u05ea \u05d4\u05e8\u05d0\u05d9\u05d9\u05d4. \u05d1\u05d9\u05df \u05d4\u05d9\u05ea\u05e8 \u05d4\u05d5\u05e7\u05e4\u05d3 \u05e2\u05dc \u05e0\u05d9\u05d5\u05d5\u05d8 \u05de\u05e7\u05dc\u05d3\u05ea \u05de\u05dc\u05d0 \u05d1\u05db\u05dc \u05e8\u05db\u05d9\u05d1\u05d9 \u05d4\u05d0\u05ea\u05e8, \u05ea\u05de\u05d9\u05db\u05d4 \u05d1\u05d6\u05d5\u05dd \u05de\u05d5\u05d2\u05d1\u05e8 \u05d5\u05e2\u05de\u05d9\u05d3\u05d4 \u05d1\u05d3\u05e8\u05d9\u05e9\u05d5\u05ea \u05d4\u05e0\u05d9\u05d2\u05d5\u05d3\u05d9\u05d5\u05ea, \u05d4\u05e6\u05d1\u05e2\u05d9\u05dd &hellip;<\/p>\n<p class=\"read-more\"> <a class=\"\" href=\"https:\/\/hm-invest.co.il\/fr\/accessibility-statement\/\"> <span class=\"screen-reader-text\">D\u00e9claration d'accessibilit\u00e9<\/span> Lire la suite\u00a0\u00bb<\/a><\/p>","protected":false},"author":1,"featured_media":571,"parent":0,"menu_order":0,"comment_status":"closed","ping_status":"closed","template":"","meta":{"footnotes":""},"_links":{"self":[{"href":"https:\/\/hm-invest.co.il\/fr\/wp-json\/wp\/v2\/pages\/1425"}],"collection":[{"href":"https:\/\/hm-invest.co.il\/fr\/wp-json\/wp\/v2\/pages"}],"about":[{"href":"https:\/\/hm-invest.co.il\/fr\/wp-json\/wp\/v2\/types\/page"}],"author":[{"embeddable":true,"href":"https:\/\/hm-invest.co.il\/fr\/wp-json\/wp\/v2\/users\/1"}],"replies":[{"embeddable":true,"href":"https:\/\/hm-invest.co.il\/fr\/wp-json\/wp\/v2\/comments?post=1425"}],"version-history":[{"count":0,"href":"https:\/\/hm-invest.co.il\/fr\/wp-json\/wp\/v2\/pages\/1425\/revisions"}],"wp:featuredmedia":[{"embeddable":true,"href":"https:\/\/hm-invest.co.il\/fr\/wp-json\/wp\/v2\/media\/571"}],"wp:attachment":[{"href":"https:\/\/hm-invest.co.il\/fr\/wp-json\/wp\/v2\/media?parent=1425"}],"curies":[{"name":"wp","href":"https:\/\/api.w.org\/{rel}","templated":true}]}}