{"id":101,"date":"2021-01-04T09:54:52","date_gmt":"2021-01-04T09:54:52","guid":{"rendered":"https:\/\/wordpress-511083-1678215.cloudwaysapps.com\/?page_id=101"},"modified":"2021-02-18T14:20:40","modified_gmt":"2021-02-18T14:20:40","slug":"about-us","status":"publish","type":"page","link":"https:\/\/hm-invest.co.il\/fr\/about-us\/","title":{"rendered":"\u00c0 propos de nous"},"content":{"rendered":"<div data-elementor-type=\"wp-page\" data-elementor-id=\"101\" class=\"elementor elementor-101\">\n\t\t\t\t\t\t\t\t\t<section class=\"elementor-section elementor-top-section elementor-element elementor-element-3f1f5710 elementor-section-height-min-height elementor-section-boxed elementor-section-height-default elementor-section-items-middle\" data-id=\"3f1f5710\" data-element_type=\"section\" data-settings=\"{&quot;background_background&quot;:&quot;classic&quot;}\">\n\t\t\t\t\t\t\t<div class=\"elementor-background-overlay\"><\/div>\n\t\t\t\t\t\t\t<div class=\"elementor-container elementor-column-gap-default\">\n\t\t\t\t\t<div class=\"elementor-column elementor-col-100 elementor-top-column elementor-element elementor-element-20b9515a\" data-id=\"20b9515a\" data-element_type=\"column\">\n\t\t\t<div class=\"elementor-widget-wrap elementor-element-populated\">\n\t\t\t\t\t\t\t\t<div class=\"elementor-element elementor-element-4bc1779 animated-slow elementor-invisible elementor-widget elementor-widget-heading\" data-id=\"4bc1779\" data-element_type=\"widget\" data-settings=\"{&quot;_animation&quot;:&quot;fadeInUp&quot;}\" data-widget_type=\"heading.default\">\n\t\t\t\t<div class=\"elementor-widget-container\">\n\t\t\t<h2 class=\"elementor-heading-title elementor-size-default\">\u00c0 propos de nous<\/h2>\t\t<\/div>\n\t\t\t\t<\/div>\n\t\t\t\t\t<\/div>\n\t\t<\/div>\n\t\t\t\t\t\t\t<\/div>\n\t\t<\/section>\n\t\t\t\t<section class=\"elementor-section elementor-top-section elementor-element elementor-element-1b30aee2 elementor-section-boxed elementor-section-height-default elementor-section-height-default\" data-id=\"1b30aee2\" data-element_type=\"section\">\n\t\t\t\t\t\t<div class=\"elementor-container elementor-column-gap-default\">\n\t\t\t\t\t<div class=\"elementor-column elementor-col-100 elementor-top-column elementor-element elementor-element-3233bea1 elementor-invisible\" data-id=\"3233bea1\" data-element_type=\"column\" data-settings=\"{&quot;animation&quot;:&quot;fadeIn&quot;,&quot;animation_delay&quot;:400}\">\n\t\t\t<div class=\"elementor-widget-wrap elementor-element-populated\">\n\t\t\t\t\t\t\t\t<div class=\"elementor-element elementor-element-17048b17 elementor-widget elementor-widget-text-editor\" data-id=\"17048b17\" data-element_type=\"widget\" data-widget_type=\"text-editor.default\">\n\t\t\t\t<div class=\"elementor-widget-container\">\n\t\t\t\t\t\t\t<p>Tout au long de notre vie, l'une des d\u00e9cisions les plus importantes que nous prendrons sera d'acheter ou de vendre un appartement. Naturellement, lorsque nous achetons un appartement, nous voulons investir notre argent dans une propri\u00e9t\u00e9 qui sera id\u00e9ale pour nous, tandis que dans le processus de vente d'un appartement, nous voulons nous assurer que nous obtiendrons le prix maximum pour la propri\u00e9t\u00e9. C'est pour ce genre de t\u00e2ches que l'agence immobili\u00e8re \"HM-INVEST\" a \u00e9t\u00e9 cr\u00e9\u00e9e, sous la direction de Mendel Hag\u00e8ge.\n\nTraduit avec www.DeepL.com\/Translator (version gratuite)<\/p><p>Depuis sa cr\u00e9ation, l'agence a un programme tr\u00e8s clair : changer l'image des agents immobiliers dans le pays, investir et faire progresser le marketing num\u00e9rique, faire preuve d'un professionnalisme sans compromis et pr\u00eater attention aux moindres d\u00e9tails. En outre, le point fort de l'agence a toujours \u00e9t\u00e9 la conviction que faire des affaires avec les gens, et par cons\u00e9quent nous maintenons un contact personnel avec chaque client, un accompagnement \u00e9troit jusqu'\u00e0 la conclusion r\u00e9ussie de la transaction, la transparence et la fiabilit\u00e9.\n\nTraduit avec www.DeepL.com\/Translator (version gratuite)<\/p><p>\"HM-INVEST\" est une agence immobili\u00e8re bien implant\u00e9e \u00e0 Tel-Aviv. Les courtiers de l'agence ont une connaissance personnelle et \u00e9troite de la plupart des propri\u00e9t\u00e9s en vente dans la ville. En outre, des ann\u00e9es d'accompagnement des transactions dans tout Tel-Aviv ont permis au personnel de l'agence de se familiariser avec les diff\u00e9rents quartiers de la ville, ce qui lui permet d'adapter chaque client \u00e0 la propri\u00e9t\u00e9 qui lui convient le mieux. Un autre avantage important de l'agence est la connaissance de nombreux clients potentiels, qui se sont accumul\u00e9s au cours des ann\u00e9es de travail de l'agence dans la ville.<\/p><p class=\"MsoNormal\" dir=\"RTL\"><span lang=\"HE\" style=\"font-family: 'Arial',sans-serif; mso-ascii-font-family: Calibri; mso-ascii-theme-font: minor-latin; mso-hansi-font-family: Calibri; mso-hansi-theme-font: minor-latin;\">Pendant ses ann\u00e9es de fonctionnement, \"<\/span><span dir=\"LTR\">HM-INVEST<\/span><span lang=\"HE\" style=\"font-family: 'Arial',sans-serif; mso-ascii-font-family: Calibri; mso-ascii-theme-font: minor-latin; mso-hansi-font-family: Calibri; mso-hansi-theme-font: minor-latin;\">A r\u00e9alis\u00e9 avec succ\u00e8s des centaines de transactions immobili\u00e8res, qui comprenaient, entre autres, la commercialisation et la vente d'appartements d'occasion et d'appartements dans de nouveaux projets, dans divers quartiers de Tel-Aviv. \u00c0 tout moment, l'agence commercialise et propose \u00e0 la vente une large gamme d'appartements, allant des appartements d'occasion aux appartements de luxe dans des projets neufs.\u00a0<\/span><\/p>\t\t\t\t\t\t<\/div>\n\t\t\t\t<\/div>\n\t\t\t\t<div class=\"elementor-element elementor-element-ef1ec1a aboutusimg elementor-widget elementor-widget-image\" data-id=\"ef1ec1a\" data-element_type=\"widget\" data-widget_type=\"image.default\">\n\t\t\t\t<div class=\"elementor-widget-container\">\n\t\t\t\t\t\t\t\t\t\t\t\t\t\t\t<img decoding=\"async\" width=\"1400\" height=\"1400\" src=\"https:\/\/hm-invest.co.il\/wp-content\/uploads\/2021\/02\/building-against-blue-sky_t20_kRv3K2-1.jpg\" class=\"attachment-full size-full wp-image-1705\" alt=\"\" srcset=\"https:\/\/hm-invest.co.il\/wp-content\/uploads\/2021\/02\/building-against-blue-sky_t20_kRv3K2-1.jpg 1400w, https:\/\/hm-invest.co.il\/wp-content\/uploads\/2021\/02\/building-against-blue-sky_t20_kRv3K2-1-300x300.jpg 300w, https:\/\/hm-invest.co.il\/wp-content\/uploads\/2021\/02\/building-against-blue-sky_t20_kRv3K2-1-1024x1024.jpg 1024w, https:\/\/hm-invest.co.il\/wp-content\/uploads\/2021\/02\/building-against-blue-sky_t20_kRv3K2-1-150x150.jpg 150w, https:\/\/hm-invest.co.il\/wp-content\/uploads\/2021\/02\/building-against-blue-sky_t20_kRv3K2-1-1536x1536.jpg 1536w, https:\/\/hm-invest.co.il\/wp-content\/uploads\/2021\/02\/building-against-blue-sky_t20_kRv3K2-1-2048x2048.jpg 2048w, https:\/\/hm-invest.co.il\/wp-content\/uploads\/2021\/02\/building-against-blue-sky_t20_kRv3K2-1-20x20.jpg 20w\" sizes=\"(max-width: 1400px) 100vw, 1400px\" \/>\t\t\t\t\t\t\t\t\t\t\t\t\t\t\t<\/div>\n\t\t\t\t<\/div>\n\t\t\t\t<div class=\"elementor-element elementor-element-4ea20d2 elementor-widget elementor-widget-heading\" data-id=\"4ea20d2\" data-element_type=\"widget\" data-widget_type=\"heading.default\">\n\t\t\t\t<div class=\"elementor-widget-container\">\n\t\t\t<h2 class=\"elementor-heading-title elementor-size-default\">L'immobilier de la mani\u00e8re la plus correcte :<\/h2>\t\t<\/div>\n\t\t\t\t<\/div>\n\t\t\t\t<div class=\"elementor-element elementor-element-b79a632 elementor-widget-divider--view-line elementor-widget elementor-widget-divider\" data-id=\"b79a632\" data-element_type=\"widget\" data-widget_type=\"divider.default\">\n\t\t\t\t<div class=\"elementor-widget-container\">\n\t\t\t\t\t<div class=\"elementor-divider\">\n\t\t\t<span class=\"elementor-divider-separator\">\n\t\t\t\t\t\t<\/span>\n\t\t<\/div>\n\t\t\t\t<\/div>\n\t\t\t\t<\/div>\n\t\t\t\t<div class=\"elementor-element elementor-element-16fa9dc elementor-widget elementor-widget-text-editor\" data-id=\"16fa9dc\" data-element_type=\"widget\" data-widget_type=\"text-editor.default\">\n\t\t\t\t<div class=\"elementor-widget-container\">\n\t\t\t\t\t\t\t<p>Si vous voulez acheter ou vendre un appartement \u00e0 Tel-Aviv, vous vous demandez probablement s'il faut le faire seul ou par l'interm\u00e9diaire d'une agence immobili\u00e8re de Tel-Aviv. Il est vrai que si vous le faites seul, vous pouvez \u00e9conomiser les frais de courtage, mais cela ne s'arr\u00eate pas l\u00e0 et il y a de nombreux avantages \u00e0 faire accompagner la proc\u00e9dure par les bureaux de \"HM-INVEST\".<\/p><p>Lorsque vous cherchez un appartement \u00e0 Tel-Aviv, vous avez g\u00e9n\u00e9ralement certains crit\u00e8res et tous les appartements ne peuvent pas vous convenir. En g\u00e9n\u00e9ral, ceux qui cherchent \u00e0 acheter un appartement \u00e0 Tel-Aviv recherchent un appartement avec un certain budget, avec un certain nombre de pi\u00e8ces, r\u00e9nov\u00e9es ou non, dans un certain quartier de la ville, avec ou sans balcon, etc. Lorsque vous cherchez seul, il est tr\u00e8s difficile de filtrer les appartements qui vous conviennent le mieux parmi la grande s\u00e9lection, les agences immobili\u00e8res de Tel-Aviv et de Netanya feront le travail de filtrage pour vous et ne vous montreront que les appartements qui correspondent \u00e0 vos crit\u00e8res, ce qui vous \u00e9vitera de passer beaucoup de temps \u00e0 chercher<\/p><p>Si vous avez fait des \u00e9tudes et avez choisi de chercher un appartement par l'interm\u00e9diaire d'agences immobili\u00e8res \u00e0 Tel Aviv et Netanya, vous devriez faire une petite recherche sur les agences immobili\u00e8res recommand\u00e9es \u00e0 Tel Aviv et Netanya afin d'obtenir le meilleur et le plus professionnel des services, et ne pas perdre encore plus de temps. Vous pouvez demander \u00e0 des connaissances ou faire des recherches sur le r\u00e9seau et les r\u00e9seaux sociaux des agences immobili\u00e8res recommand\u00e9es \u00e0 Tel-Aviv et beaucoup d'entre elles sauront certainement vous recommander gr\u00e2ce \u00e0 leur exp\u00e9rience, vous pouvez donc acc\u00e9der directement aux agences immobili\u00e8res de Tel-Aviv et de Netanya<\/p><p>Et en courant dans la ville.<\/p><p>Vous souhaitez vendre un appartement \u00e0 Tel-Aviv ou \u00e0 Netanya ? Vous souhaitez acheter un appartement \u00e0 Tel-Aviv ou \u00e0 Netanya ? Vous \u00eates au bon endroit ! HM-INVEST propose des services de courtage \u00e0 Tel Aviv et Netanya. Comme nous l'avons mentionn\u00e9, l'agence a une riche exp\u00e9rience dans la commercialisation et la vente de propri\u00e9t\u00e9s dans la ville. Notre \u00e9quipe d'agents sera heureuse de vous fournir le meilleur service, la courtoisie, la patience, avec une disponibilit\u00e9 maximale et toujours avec le sourire. Contactez-nous d\u00e8s aujourd'hui et nous vous aiderons \u00e0 conclure l'affaire la plus appropri\u00e9e et la plus r\u00e9ussie pour vous.<\/p>\t\t\t\t\t\t<\/div>\n\t\t\t\t<\/div>\n\t\t\t\t<div class=\"elementor-element elementor-element-750ca5e elementor-widget elementor-widget-heading\" data-id=\"750ca5e\" data-element_type=\"widget\" data-widget_type=\"heading.default\">\n\t\t\t\t<div class=\"elementor-widget-container\">\n\t\t\t<h2 class=\"elementor-heading-title elementor-size-default\">Rencontrez notre \u00e9quipe d'experts<\/h2>\t\t<\/div>\n\t\t\t\t<\/div>\n\t\t\t\t<div class=\"elementor-element elementor-element-0d7deb6 elementor-widget-divider--view-line_icon elementor-view-default elementor-widget-divider--element-align-center elementor-widget elementor-widget-divider\" data-id=\"0d7deb6\" data-element_type=\"widget\" data-widget_type=\"divider.default\">\n\t\t\t\t<div class=\"elementor-widget-container\">\n\t\t\t\t\t<div class=\"elementor-divider\">\n\t\t\t<span class=\"elementor-divider-separator\">\n\t\t\t\t\t\t\t<div class=\"elementor-icon elementor-divider__element\">\n\t\t\t\t\t<svg xmlns=\"http:\/\/www.w3.org\/2000\/svg\" id=\"Layer_1_1_\" height=\"512\" viewbox=\"0 0 64 64\" width=\"512\"><path d=\"m54.165 29.714c-.826-.693-2.009-.739-2.882-.11l-.979.706c-.179-.435-.49-.812-.906-1.078-.76-.485-1.711-.496-2.484-.023-.404.248-.72.606-.875.96l-2.223 3.983c-.297-.216-.689-.266-1.029-.097l-5.455 2.721-8.532-11.376c-.122-.163-.291-.285-.483-.349l-3.859-1.286c.946-.312 1.777-.925 2.345-1.777.77-1.151.967-2.623.528-3.938l-.274-.824c-.086-.259-.13-.527-.13-.798v-7.466c2.361-2.296 2.954-5.603 2.986-5.798.049-.29-.033-.586-.224-.811-.19-.224-.469-.353-.763-.353h-10.989c-.838-.006-8.297-.016-10.979 2.637-.675.668-1.032 1.485-1.032 2.363 0 6.111 2.938 14.018 3.063 14.352.147.39.521.648.937.648.011 0 .022 0 .033-.001.281-.009.53-.143.708-.344l1.347 1.796-6.259 1.58c-.402.102-.7.442-.748.855l-3 26c-.033.283.057.566.247.779.189.213.461.335.746.335v3c0 1.654 1.346 3 3 3h3v3h2v-7h2.926c.553 0 1-.447 1-1v-5h6.074v5c0 .553.447 1 1 1h2v7h2v-7h.926c.553 0 1-.447 1-1v-15.6l7.37 7.31c.282.282.708.366 1.077.218l11.783-4.731c.299-.12.521-.377.598-.689.036-.148.036-.299.005-.444 1.551-.775 3.602-2.089 4.552-3.215l2.359-2.793c.404-.479.599-1.085.546-1.709s-.345-1.19-.823-1.594zm-29.007-11.856.275.825c.244.732.134 1.553-.295 2.194-.467.704-1.251 1.123-2.096 1.123h-9.616l-1.969-2.625 2.216-7.387c1.597-.039 5.495-.217 9.449-1.008.664-.133 1.26-.344 1.804-.606v6.054c0 .486.078.967.232 1.43zm-6.292 14.026-.94 1.88-.94-1.88.94-3.761zm-10.94-24.884c0-.218.046-.552.438-.94 1.72-1.701 7.155-2.061 9.366-2.061.067 0 .134 0 .195.001h9.698c-.543 1.62-1.899 4.421-4.895 5.02-4.837.967-9.753.98-9.802.98-.441 0-.831.29-.958.713l-2.089 6.964c-.854-2.82-1.953-7.139-1.953-10.677zm1.074 50h-3c-.552 0-1-.448-1-1v-3h3v1c0 .553.447 1 1 1zm3.926-4h-2.926v-16h-2v14h-3.878l2.792-24.199 6.012-1.518zm2-6v-23h1.97l-1.939 7.758c-.059.231-.031.476.075.689l2 4c.169.339.515.553.894.553s.725-.214.895-.553l2-4c.106-.214.134-.458.075-.689l-1.94-7.758h2.044v23zm21.311-3.173-8.607-8.537c-.287-.284-.717-.367-1.089-.213-.372.155-.615.52-.615.923v17h-2.926v-27.612l4.388 1.462 8.124 10.833-.104.053.893 1.789 6.681-3.332 3.137 3.667zm17.907-11.063-2.359 2.794c-.754.892-2.813 2.218-4.249 2.883l-2.314-2.705 2.602-4.669c.028-.063.075-.117.134-.153.16-.099.296-.039.364.004.067.043.177.144.156.33l-.097.852c-.045.393.146.775.488.976s.77.179 1.09-.052l2.494-1.797c.127-.093.303-.085.422.016l1.229 1.039c.095.079.116.18.12.232.005.052 0 .155-.08.25z\"><\/path><path d=\"m17 56h2v6h-2z\"><\/path><path d=\"m61.316 15.052-5.316-1.772v-1.28h1c.434 0 .817-.279.951-.69.134-.412-.013-.863-.363-1.118l-2.588-1.882v-5.31c0-.553-.447-1-1-1h-4c-.553 0-1 .447-1 1v.945l-2.412-1.754c-.35-.256-.826-.256-1.176 0l-11 8c-.351.255-.497.706-.363 1.118s.517.691.951.691h1v12h-3v2h4 18 6c.553 0 1-.447 1-1v-9c0-.431-.275-.812-.684-.948zm-15.316-10.816 3.412 2.481c.304.222.706.251 1.042.083.335-.17.546-.515.546-.891v-1.909h2v4.818c0 .32.153.62.412.809l.513.373h-15.85zm2 19.764h-4v-6h4zm2 0v-7c0-.553-.447-1-1-1h-6c-.553 0-1 .447-1 1v7h-4v-12h16v12zm10 0h-4v-8.613l4 1.334z\"><\/path><\/svg><\/div>\n\t\t\t\t\t\t<\/span>\n\t\t<\/div>\n\t\t\t\t<\/div>\n\t\t\t\t<\/div>\n\t\t\t\t\t<\/div>\n\t\t<\/div>\n\t\t\t\t\t\t\t<\/div>\n\t\t<\/section>\n\t\t\t\t<section class=\"elementor-section elementor-top-section elementor-element elementor-element-6a6cf4a7 elementor-section-boxed elementor-section-height-default elementor-section-height-default\" data-id=\"6a6cf4a7\" data-element_type=\"section\">\n\t\t\t\t\t\t<div class=\"elementor-container elementor-column-gap-default\">\n\t\t\t\t\t<div class=\"elementor-column elementor-col-50 elementor-top-column elementor-element elementor-element-5028dbc1 elementor-invisible\" data-id=\"5028dbc1\" data-element_type=\"column\" data-settings=\"{&quot;animation&quot;:&quot;fadeInLeft&quot;,&quot;animation_delay&quot;:600}\">\n\t\t\t<div class=\"elementor-widget-wrap elementor-element-populated\">\n\t\t\t\t\t\t\t\t<div class=\"elementor-element elementor-element-981ca elementor-invisible elementor-widget elementor-widget-image\" data-id=\"981ca\" data-element_type=\"widget\" data-settings=\"{&quot;_animation&quot;:&quot;fadeInRight&quot;}\" data-widget_type=\"image.default\">\n\t\t\t\t<div class=\"elementor-widget-container\">\n\t\t\t\t\t\t\t\t\t\t\t\t\t\t\t<img decoding=\"async\" width=\"1400\" height=\"1400\" src=\"https:\/\/hm-invest.co.il\/wp-content\/uploads\/2021\/02\/tel-aviv-aerial-cityscape-israel-bursa-of-ramat-gan_t20_mLJAyj-1.jpg\" class=\"elementor-animation-rotate attachment-full size-full wp-image-1706\" alt=\"\" srcset=\"https:\/\/hm-invest.co.il\/wp-content\/uploads\/2021\/02\/tel-aviv-aerial-cityscape-israel-bursa-of-ramat-gan_t20_mLJAyj-1.jpg 1400w, https:\/\/hm-invest.co.il\/wp-content\/uploads\/2021\/02\/tel-aviv-aerial-cityscape-israel-bursa-of-ramat-gan_t20_mLJAyj-1-300x300.jpg 300w, https:\/\/hm-invest.co.il\/wp-content\/uploads\/2021\/02\/tel-aviv-aerial-cityscape-israel-bursa-of-ramat-gan_t20_mLJAyj-1-1024x1024.jpg 1024w, https:\/\/hm-invest.co.il\/wp-content\/uploads\/2021\/02\/tel-aviv-aerial-cityscape-israel-bursa-of-ramat-gan_t20_mLJAyj-1-150x150.jpg 150w, https:\/\/hm-invest.co.il\/wp-content\/uploads\/2021\/02\/tel-aviv-aerial-cityscape-israel-bursa-of-ramat-gan_t20_mLJAyj-1-1536x1536.jpg 1536w, https:\/\/hm-invest.co.il\/wp-content\/uploads\/2021\/02\/tel-aviv-aerial-cityscape-israel-bursa-of-ramat-gan_t20_mLJAyj-1-2048x2048.jpg 2048w, https:\/\/hm-invest.co.il\/wp-content\/uploads\/2021\/02\/tel-aviv-aerial-cityscape-israel-bursa-of-ramat-gan_t20_mLJAyj-1-20x20.jpg 20w\" sizes=\"(max-width: 1400px) 100vw, 1400px\" \/>\t\t\t\t\t\t\t\t\t\t\t\t\t\t\t<\/div>\n\t\t\t\t<\/div>\n\t\t\t\t\t<\/div>\n\t\t<\/div>\n\t\t\t\t<div class=\"elementor-column elementor-col-50 elementor-top-column elementor-element elementor-element-4d9329dd elementor-invisible\" data-id=\"4d9329dd\" data-element_type=\"column\" data-settings=\"{&quot;animation&quot;:&quot;fadeInRight&quot;,&quot;animation_delay&quot;:600}\">\n\t\t\t<div class=\"elementor-widget-wrap elementor-element-populated\">\n\t\t\t\t\t\t\t\t<div class=\"elementor-element elementor-element-6bfc6024 elementor-invisible elementor-widget elementor-widget-image\" data-id=\"6bfc6024\" data-element_type=\"widget\" data-settings=\"{&quot;_animation&quot;:&quot;fadeInRight&quot;}\" data-widget_type=\"image.default\">\n\t\t\t\t<div class=\"elementor-widget-container\">\n\t\t\t\t\t\t\t\t\t\t\t\t\t\t\t<img decoding=\"async\" width=\"1400\" height=\"1400\" src=\"https:\/\/hm-invest.co.il\/wp-content\/uploads\/2021\/02\/tel-aviv-aerial-cityscape-israel-bursa-of-ramat-gan-at-night_t20_aabOpn-1.jpg\" class=\"elementor-animation-rotate attachment-full size-full wp-image-1707\" alt=\"\" srcset=\"https:\/\/hm-invest.co.il\/wp-content\/uploads\/2021\/02\/tel-aviv-aerial-cityscape-israel-bursa-of-ramat-gan-at-night_t20_aabOpn-1.jpg 1400w, https:\/\/hm-invest.co.il\/wp-content\/uploads\/2021\/02\/tel-aviv-aerial-cityscape-israel-bursa-of-ramat-gan-at-night_t20_aabOpn-1-300x300.jpg 300w, https:\/\/hm-invest.co.il\/wp-content\/uploads\/2021\/02\/tel-aviv-aerial-cityscape-israel-bursa-of-ramat-gan-at-night_t20_aabOpn-1-1024x1024.jpg 1024w, https:\/\/hm-invest.co.il\/wp-content\/uploads\/2021\/02\/tel-aviv-aerial-cityscape-israel-bursa-of-ramat-gan-at-night_t20_aabOpn-1-150x150.jpg 150w, https:\/\/hm-invest.co.il\/wp-content\/uploads\/2021\/02\/tel-aviv-aerial-cityscape-israel-bursa-of-ramat-gan-at-night_t20_aabOpn-1-1536x1536.jpg 1536w, https:\/\/hm-invest.co.il\/wp-content\/uploads\/2021\/02\/tel-aviv-aerial-cityscape-israel-bursa-of-ramat-gan-at-night_t20_aabOpn-1-2048x2048.jpg 2048w, https:\/\/hm-invest.co.il\/wp-content\/uploads\/2021\/02\/tel-aviv-aerial-cityscape-israel-bursa-of-ramat-gan-at-night_t20_aabOpn-1-20x20.jpg 20w\" sizes=\"(max-width: 1400px) 100vw, 1400px\" \/>\t\t\t\t\t\t\t\t\t\t\t\t\t\t\t<\/div>\n\t\t\t\t<\/div>\n\t\t\t\t\t<\/div>\n\t\t<\/div>\n\t\t\t\t\t\t\t<\/div>\n\t\t<\/section>\n\t\t\t\t<section class=\"elementor-section elementor-top-section elementor-element elementor-element-2a8edd91 elementor-section-boxed elementor-section-height-default elementor-section-height-default\" data-id=\"2a8edd91\" data-element_type=\"section\">\n\t\t\t\t\t\t<div class=\"elementor-container elementor-column-gap-default\">\n\t\t\t\t\t<div class=\"elementor-column elementor-col-100 elementor-top-column elementor-element elementor-element-4334c8c9 elementor-invisible\" data-id=\"4334c8c9\" data-element_type=\"column\" data-settings=\"{&quot;background_background&quot;:&quot;classic&quot;,&quot;animation&quot;:&quot;fadeIn&quot;,&quot;animation_delay&quot;:400}\">\n\t\t\t<div class=\"elementor-widget-wrap elementor-element-populated\">\n\t\t\t\t\t\t\t\t<section class=\"elementor-section elementor-inner-section elementor-element elementor-element-64f17977 elementor-section-boxed elementor-section-height-default elementor-section-height-default\" data-id=\"64f17977\" data-element_type=\"section\">\n\t\t\t\t\t\t<div class=\"elementor-container elementor-column-gap-default\">\n\t\t\t\t\t<div class=\"elementor-column elementor-col-33 elementor-inner-column elementor-element elementor-element-55954a21 elementor-invisible\" data-id=\"55954a21\" data-element_type=\"column\" data-settings=\"{&quot;animation&quot;:&quot;fadeIn&quot;,&quot;animation_delay&quot;:200}\">\n\t\t\t<div class=\"elementor-widget-wrap elementor-element-populated\">\n\t\t\t\t\t\t\t\t<div class=\"elementor-element elementor-element-3d7cd881 elementor-widget elementor-widget-counter\" data-id=\"3d7cd881\" data-element_type=\"widget\" data-widget_type=\"counter.default\">\n\t\t\t\t<div class=\"elementor-widget-container\">\n\t\t\t\t\t<div class=\"elementor-counter\">\n\t\t\t<div class=\"elementor-counter-number-wrapper\">\n\t\t\t\t<span class=\"elementor-counter-number-prefix\"><\/span>\n\t\t\t\t<span class=\"elementor-counter-number\" data-duration=\"2000\" data-to-value=\"562\" data-from-value=\"0\">0<\/span>\n\t\t\t\t<span class=\"elementor-counter-number-suffix\">+<\/span>\n\t\t\t<\/div>\n\t\t\t\t\t\t\t<div class=\"elementor-counter-title\">Propri\u00e9t\u00e9s vendues<\/div>\n\t\t\t\t\t<\/div>\n\t\t\t\t<\/div>\n\t\t\t\t<\/div>\n\t\t\t\t\t<\/div>\n\t\t<\/div>\n\t\t\t\t<div class=\"elementor-column elementor-col-33 elementor-inner-column elementor-element elementor-element-30a6f5a2 elementor-invisible\" data-id=\"30a6f5a2\" data-element_type=\"column\" data-settings=\"{&quot;animation&quot;:&quot;fadeIn&quot;,&quot;animation_delay&quot;:400}\">\n\t\t\t<div class=\"elementor-widget-wrap elementor-element-populated\">\n\t\t\t\t\t\t\t\t<div class=\"elementor-element elementor-element-289ee77 elementor-widget elementor-widget-counter\" data-id=\"289ee77\" data-element_type=\"widget\" data-widget_type=\"counter.default\">\n\t\t\t\t<div class=\"elementor-widget-container\">\n\t\t\t\t\t<div class=\"elementor-counter\">\n\t\t\t<div class=\"elementor-counter-number-wrapper\">\n\t\t\t\t<span class=\"elementor-counter-number-prefix\"><\/span>\n\t\t\t\t<span class=\"elementor-counter-number\" data-duration=\"2000\" data-to-value=\"562\" data-from-value=\"0\">0<\/span>\n\t\t\t\t<span class=\"elementor-counter-number-suffix\">+<\/span>\n\t\t\t<\/div>\n\t\t\t\t\t\t\t<div class=\"elementor-counter-title\">Des clients satisfaits<\/div>\n\t\t\t\t\t<\/div>\n\t\t\t\t<\/div>\n\t\t\t\t<\/div>\n\t\t\t\t\t<\/div>\n\t\t<\/div>\n\t\t\t\t<div class=\"elementor-column elementor-col-33 elementor-inner-column elementor-element elementor-element-6f995062 elementor-invisible\" data-id=\"6f995062\" data-element_type=\"column\" data-settings=\"{&quot;animation&quot;:&quot;fadeIn&quot;,&quot;animation_delay&quot;:600}\">\n\t\t\t<div class=\"elementor-widget-wrap elementor-element-populated\">\n\t\t\t\t\t\t\t\t<div class=\"elementor-element elementor-element-3c20c1ce elementor-widget elementor-widget-counter\" data-id=\"3c20c1ce\" data-element_type=\"widget\" data-widget_type=\"counter.default\">\n\t\t\t\t<div class=\"elementor-widget-container\">\n\t\t\t\t\t<div class=\"elementor-counter\">\n\t\t\t<div class=\"elementor-counter-number-wrapper\">\n\t\t\t\t<span class=\"elementor-counter-number-prefix\"><\/span>\n\t\t\t\t<span class=\"elementor-counter-number\" data-duration=\"2000\" data-to-value=\"100\" data-from-value=\"0\">0<\/span>\n\t\t\t\t<span class=\"elementor-counter-number-suffix\">+<\/span>\n\t\t\t<\/div>\n\t\t\t\t\t\t\t<div class=\"elementor-counter-title\">Tous les biens<\/div>\n\t\t\t\t\t<\/div>\n\t\t\t\t<\/div>\n\t\t\t\t<\/div>\n\t\t\t\t\t<\/div>\n\t\t<\/div>\n\t\t\t\t\t\t\t<\/div>\n\t\t<\/section>\n\t\t\t\t\t<\/div>\n\t\t<\/div>\n\t\t\t\t\t\t\t<\/div>\n\t\t<\/section>\n\t\t\t\t\t\t\t<\/div>","protected":false},"excerpt":{"rendered":"<p>\u05d0\u05d5\u05d3\u05d5\u05ea\u05d9\u05e0\u05d5 \u05d1\u05de\u05d4\u05dc\u05da \u05d7\u05d9\u05d9\u05e0\u05d5, \u05d0\u05d7\u05ea \u05d4\u05d4\u05d7\u05dc\u05d8\u05d5\u05ea \u05d4\u05de\u05e9\u05de\u05e2\u05d5\u05ea\u05d9\u05d5\u05ea \u05d1\u05d9\u05d5\u05ea\u05e8 \u05e9\u05e0\u05d1\u05e6\u05e2, \u05ea\u05e2\u05e1\u05d5\u05e7 \u05d1\u05e8\u05db\u05d9\u05e9\u05d4 \u05d0\u05d5 \u05de\u05db\u05d9\u05e8\u05d4 \u05e9\u05dc \u05d3\u05d9\u05e8\u05d4. \u05d1\u05d0\u05d5\u05e4\u05df \u05d8\u05d1\u05e2\u05d9, \u05d1\u05e2\u05ea \u05e8\u05db\u05d9\u05e9\u05ea \u05d3\u05d9\u05e8\u05d4 \u05e0\u05e8\u05e6\u05d4 \u05dc\u05d4\u05e9\u05e7\u05d9\u05e2 \u05d0\u05ea \u05db\u05e1\u05e4\u05e0\u05d5 \u05d1\u05e0\u05db\u05e1 \u05e9\u05d9\u05d4\u05d9\u05d4 \u05d0\u05d9\u05d3\u05d9\u05d0\u05dc\u05d9 \u05e2\u05d1\u05d5\u05e8\u05e0\u05d5 \u05d5\u05d0\u05d9\u05dc\u05d5 \u05d1\u05d4\u05dc\u05d9\u05da \u05e9\u05dc \u05de\u05db\u05d9\u05e8\u05ea \u05d3\u05d9\u05e8\u05d4 \u05e0\u05e8\u05e6\u05d4 \u05dc\u05d4\u05d1\u05d8\u05d9\u05d7 \u05dc\u05e2\u05e6\u05de\u05e0\u05d5 \u05e9\u05e0\u05e7\u05d1\u05dc \u05d0\u05ea \u05d4\u05de\u05d7\u05d9\u05e8 \u05d4\u05de\u05e7\u05e1\u05d9\u05de\u05dc\u05d9 \u05e2\u05d1\u05d5\u05e8 \u05d4\u05e0\u05db\u05e1. \u05d1\u05d3\u05d9\u05d5\u05e7 \u05d1\u05e9\u05d1\u05d9\u05dc \u05de\u05e9\u05d9\u05de\u05d5\u05ea \u05de\u05d4\u05e1\u05d5\u05d2 \u05d4\u05d6\u05d4, \u05d4\u05d5\u05e7\u05de\u05d4 \u05e1\u05d5\u05db\u05e0\u05d5\u05ea \u05d4\u05ea\u05d9\u05d5\u05d5\u05da \u201cHM-INVEST\u201d, \u05d1\u05e0\u05d9\u05d4\u05d5\u05dc \u05e9\u05dc \u05de\u05e0\u05d3\u05dc \u05d7\u05d2\u05d2. \u05de\u05d9\u05d5\u05dd &hellip;<\/p>\n<p class=\"read-more\"> <a class=\"\" href=\"https:\/\/hm-invest.co.il\/fr\/about-us\/\"> <span class=\"screen-reader-text\">\u00c0 propos de nous<\/span> Lire la suite\u00a0\u00bb<\/a><\/p>","protected":false},"author":1,"featured_media":571,"parent":0,"menu_order":0,"comment_status":"closed","ping_status":"closed","template":"","meta":{"footnotes":""},"_links":{"self":[{"href":"https:\/\/hm-invest.co.il\/fr\/wp-json\/wp\/v2\/pages\/101"}],"collection":[{"href":"https:\/\/hm-invest.co.il\/fr\/wp-json\/wp\/v2\/pages"}],"about":[{"href":"https:\/\/hm-invest.co.il\/fr\/wp-json\/wp\/v2\/types\/page"}],"author":[{"embeddable":true,"href":"https:\/\/hm-invest.co.il\/fr\/wp-json\/wp\/v2\/users\/1"}],"replies":[{"embeddable":true,"href":"https:\/\/hm-invest.co.il\/fr\/wp-json\/wp\/v2\/comments?post=101"}],"version-history":[{"count":0,"href":"https:\/\/hm-invest.co.il\/fr\/wp-json\/wp\/v2\/pages\/101\/revisions"}],"wp:featuredmedia":[{"embeddable":true,"href":"https:\/\/hm-invest.co.il\/fr\/wp-json\/wp\/v2\/media\/571"}],"wp:attachment":[{"href":"https:\/\/hm-invest.co.il\/fr\/wp-json\/wp\/v2\/media?parent=101"}],"curies":[{"name":"wp","href":"https:\/\/api.w.org\/{rel}","templated":true}]}}